{"id":415,"date":"2015-11-17T04:19:36","date_gmt":"2015-11-17T04:19:36","guid":{"rendered":"http:\/\/cdn.logistics.stylemixthemes.com\/demo\/?page_id=415"},"modified":"2025-09-19T08:06:13","modified_gmt":"2025-09-19T08:06:13","slug":"o-firmie","status":"publish","type":"page","link":"https:\/\/mtdbutkiewicz.pl\/ru\/about-us\/","title":{"rendered":"\u041e \u043a\u043e\u043c\u043f\u0430\u043d\u0438\u0438"},"content":{"rendered":"<p class=\"qtranxs-available-languages-message qtranxs-available-languages-message-ru\">\u0418\u0437\u0432\u0438\u043d\u0438\u0442\u0435, \u044d\u0442\u043e\u0442 \u0442\u0435\u0445\u0442 \u0434\u043e\u0441\u0442\u0443\u043f\u0435\u043d \u0442\u043e\u043b\u044c\u043a\u043e \u0432 &ldquo;<a href=\"https:\/\/mtdbutkiewicz.pl\/pl\/wp-json\/wp\/v2\/pages\/415\" class=\"qtranxs-available-language-link qtranxs-available-language-link-pl\" title=\"Polski\">Polski<\/a>&rdquo;.<\/p>","protected":false},"excerpt":{"rendered":"<p>\u0418\u0437\u0432\u0438\u043d\u0438\u0442\u0435, \u044d\u0442\u043e\u0442 \u0442\u0435\u0445\u0442 \u0434\u043e\u0441\u0442\u0443\u043f\u0435\u043d \u0442\u043e\u043b\u044c\u043a\u043e \u0432 &ldquo;Polski&rdquo;.<\/p>\n","protected":false},"author":1,"featured_media":0,"parent":0,"menu_order":0,"comment_status":"closed","ping_status":"closed","template":"","meta":{"footnotes":""},"class_list":["post-415","page","type-page","status-publish","hentry"],"yoast_head":"<!-- This site is optimized with the Yoast SEO plugin v26.7 - https:\/\/yoast.com\/wordpress\/plugins\/seo\/ -->\n<title>(Polski) Firma transportowa, transport mi\u0119dzynarodowy - Suwa\u0142ki | MTD Butkiewicz<\/title>\n<meta name=\"robots\" content=\"index, follow, max-snippet:-1, max-image-preview:large, max-video-preview:-1\" \/>\n<link rel=\"canonical\" href=\"https:\/\/mtdbutkiewicz.pl\/o-firmie\/\" \/>\n<meta property=\"og:locale\" content=\"ru_RU\" \/>\n<meta property=\"og:type\" content=\"article\" \/>\n<meta property=\"og:title\" content=\"[:pl]Firma transportowa, transport mi\u0119dzynarodowy - Suwa\u0142ki | MTD Butkiewicz[:en]Firma transportowa, transport mi\u0119dzynarodowy - Suwa\u0142ki | MTD Butkiewicz[:]\" \/>\n<meta property=\"og:description\" content=\"\u0418\u0437\u0432\u0438\u043d\u0438\u0442\u0435, \u044d\u0442\u043e\u0442 \u0442\u0435\u0445\u0442 \u0434\u043e\u0441\u0442\u0443\u043f\u0435\u043d \u0442\u043e\u043b\u044c\u043a\u043e \u0432 &ldquo;Polski&rdquo;.\" \/>\n<meta property=\"og:url\" content=\"https:\/\/mtdbutkiewicz.pl\/o-firmie\/\" \/>\n<meta property=\"og:site_name\" content=\"MTD Butkiewicz\" \/>\n<meta property=\"article:publisher\" content=\"https:\/\/facebook.com\/mtdbutkiewicz\" \/>\n<meta property=\"article:modified_time\" content=\"2025-09-19T08:06:13+00:00\" \/>\n<meta property=\"og:image\" content=\"https:\/\/mtdbutkiewicz.pl\/wp-content\/uploads\/2025\/05\/Siedziba-MTD-Butkiewicz-1-scaled.jpg\" \/>\n\t<meta property=\"og:image:width\" content=\"2560\" \/>\n\t<meta property=\"og:image:height\" content=\"1707\" \/>\n\t<meta property=\"og:image:type\" content=\"image\/jpeg\" \/>\n<meta name=\"twitter:card\" content=\"summary_large_image\" \/>\n<meta name=\"twitter:label1\" content=\"\u041f\u0440\u0438\u043c\u0435\u0440\u043d\u043e\u0435 \u0432\u0440\u0435\u043c\u044f \u0434\u043b\u044f \u0447\u0442\u0435\u043d\u0438\u044f\" \/>\n\t<meta name=\"twitter:data1\" content=\"3 \u043c\u0438\u043d\u0443\u0442\u044b\" \/>\n<script type=\"application\/ld+json\" class=\"yoast-schema-graph\">{\"@context\":\"https:\/\/schema.org\",\"@graph\":[{\"@type\":\"WebPage\",\"@id\":\"https:\/\/mtdbutkiewicz.pl\/o-firmie\/\",\"url\":\"https:\/\/mtdbutkiewicz.pl\/o-firmie\/\",\"name\":\"[:pl]Firma transportowa, transport mi\u0119dzynarodowy - Suwa\u0142ki | MTD Butkiewicz[:en]Firma transportowa, transport mi\u0119dzynarodowy - Suwa\u0142ki | MTD Butkiewicz[:]\",\"isPartOf\":{\"@id\":\"https:\/\/mtdbutkiewicz.pl\/#website\"},\"primaryImageOfPage\":{\"@id\":\"https:\/\/mtdbutkiewicz.pl\/o-firmie\/#primaryimage\"},\"image\":{\"@id\":\"https:\/\/mtdbutkiewicz.pl\/o-firmie\/#primaryimage\"},\"thumbnailUrl\":\"https:\/\/mtdbutkiewicz.pl\/wp-content\/uploads\/2025\/05\/Siedziba-MTD-Butkiewicz-1-300x200.jpg\",\"datePublished\":\"2015-11-17T04:19:36+00:00\",\"dateModified\":\"2025-09-19T08:06:13+00:00\",\"breadcrumb\":{\"@id\":\"https:\/\/mtdbutkiewicz.pl\/o-firmie\/#breadcrumb\"},\"inLanguage\":\"ru-RU\",\"potentialAction\":[{\"@type\":\"ReadAction\",\"target\":[\"https:\/\/mtdbutkiewicz.pl\/o-firmie\/\"]}]},{\"@type\":\"ImageObject\",\"inLanguage\":\"ru-RU\",\"@id\":\"https:\/\/mtdbutkiewicz.pl\/o-firmie\/#primaryimage\",\"url\":\"https:\/\/mtdbutkiewicz.pl\/wp-content\/uploads\/2025\/05\/Siedziba-MTD-Butkiewicz-1-300x200.jpg\",\"contentUrl\":\"https:\/\/mtdbutkiewicz.pl\/wp-content\/uploads\/2025\/05\/Siedziba-MTD-Butkiewicz-1-300x200.jpg\"},{\"@type\":\"BreadcrumbList\",\"@id\":\"https:\/\/mtdbutkiewicz.pl\/o-firmie\/#breadcrumb\",\"itemListElement\":[{\"@type\":\"ListItem\",\"position\":1,\"name\":\"Strona g\u0142\u00f3wna\",\"item\":\"https:\/\/mtdbutkiewicz.pl\/\"},{\"@type\":\"ListItem\",\"position\":2,\"name\":\"O firmie\"}]},{\"@type\":\"WebSite\",\"@id\":\"https:\/\/mtdbutkiewicz.pl\/#website\",\"url\":\"https:\/\/mtdbutkiewicz.pl\/\",\"name\":\"MTD Butkiewicz\",\"description\":\"\u041c\u0435\u0436\u0434\u0443\u043d\u0430\u0440\u043e\u0434\u043d\u044b\u0435 \u0430\u0432\u0442\u043e\u043c\u043e\u0431\u0438\u043b\u044c\u043d\u044b\u0435 \u043f\u0435\u0440\u0435\u0432\u043e\u0437\u043a\u0438\",\"publisher\":{\"@id\":\"https:\/\/mtdbutkiewicz.pl\/#organization\"},\"potentialAction\":[{\"@type\":\"SearchAction\",\"target\":{\"@type\":\"EntryPoint\",\"urlTemplate\":\"https:\/\/mtdbutkiewicz.pl\/?s={search_term_string}\"},\"query-input\":{\"@type\":\"PropertyValueSpecification\",\"valueRequired\":true,\"valueName\":\"search_term_string\"}}],\"inLanguage\":\"ru-RU\"},{\"@type\":\"Organization\",\"@id\":\"https:\/\/mtdbutkiewicz.pl\/#organization\",\"name\":\"MTD Butkiewicz\",\"url\":\"https:\/\/mtdbutkiewicz.pl\/\",\"logo\":{\"@type\":\"ImageObject\",\"inLanguage\":\"ru-RU\",\"@id\":\"https:\/\/mtdbutkiewicz.pl\/#\/schema\/logo\/image\/\",\"url\":\"https:\/\/mtdbutkiewicz.pl\/wp-content\/uploads\/2017\/10\/mtd.png\",\"contentUrl\":\"https:\/\/mtdbutkiewicz.pl\/wp-content\/uploads\/2017\/10\/mtd.png\",\"width\":240,\"height\":240,\"caption\":\"MTD Butkiewicz\"},\"image\":{\"@id\":\"https:\/\/mtdbutkiewicz.pl\/#\/schema\/logo\/image\/\"},\"sameAs\":[\"https:\/\/facebook.com\/mtdbutkiewicz\",\"https:\/\/instagram.com\/mtdbutkiewicz\"]}]}<\/script>\n<!-- \/ Yoast SEO plugin. -->","yoast_head_json":{"title":"(Polski) Firma transportowa, transport mi\u0119dzynarodowy - Suwa\u0142ki | MTD Butkiewicz","robots":{"index":"index","follow":"follow","max-snippet":"max-snippet:-1","max-image-preview":"max-image-preview:large","max-video-preview":"max-video-preview:-1"},"canonical":"https:\/\/mtdbutkiewicz.pl\/o-firmie\/","og_locale":"ru_RU","og_type":"article","og_title":"[:pl]Firma transportowa, transport mi\u0119dzynarodowy - Suwa\u0142ki | MTD Butkiewicz[:en]Firma transportowa, transport mi\u0119dzynarodowy - Suwa\u0142ki | MTD Butkiewicz[:]","og_description":"\u0418\u0437\u0432\u0438\u043d\u0438\u0442\u0435, \u044d\u0442\u043e\u0442 \u0442\u0435\u0445\u0442 \u0434\u043e\u0441\u0442\u0443\u043f\u0435\u043d \u0442\u043e\u043b\u044c\u043a\u043e \u0432 &ldquo;Polski&rdquo;.","og_url":"https:\/\/mtdbutkiewicz.pl\/o-firmie\/","og_site_name":"MTD Butkiewicz","article_publisher":"https:\/\/facebook.com\/mtdbutkiewicz","article_modified_time":"2025-09-19T08:06:13+00:00","og_image":[{"width":2560,"height":1707,"url":"https:\/\/mtdbutkiewicz.pl\/wp-content\/uploads\/2025\/05\/Siedziba-MTD-Butkiewicz-1-scaled.jpg","type":"image\/jpeg"}],"twitter_card":"summary_large_image","twitter_misc":{"\u041f\u0440\u0438\u043c\u0435\u0440\u043d\u043e\u0435 \u0432\u0440\u0435\u043c\u044f \u0434\u043b\u044f \u0447\u0442\u0435\u043d\u0438\u044f":"3 \u043c\u0438\u043d\u0443\u0442\u044b"},"schema":{"@context":"https:\/\/schema.org","@graph":[{"@type":"WebPage","@id":"https:\/\/mtdbutkiewicz.pl\/o-firmie\/","url":"https:\/\/mtdbutkiewicz.pl\/o-firmie\/","name":"[:pl]Firma transportowa, transport mi\u0119dzynarodowy - Suwa\u0142ki | MTD Butkiewicz[:en]Firma transportowa, transport mi\u0119dzynarodowy - Suwa\u0142ki | MTD Butkiewicz[:]","isPartOf":{"@id":"https:\/\/mtdbutkiewicz.pl\/#website"},"primaryImageOfPage":{"@id":"https:\/\/mtdbutkiewicz.pl\/o-firmie\/#primaryimage"},"image":{"@id":"https:\/\/mtdbutkiewicz.pl\/o-firmie\/#primaryimage"},"thumbnailUrl":"https:\/\/mtdbutkiewicz.pl\/wp-content\/uploads\/2025\/05\/Siedziba-MTD-Butkiewicz-1-300x200.jpg","datePublished":"2015-11-17T04:19:36+00:00","dateModified":"2025-09-19T08:06:13+00:00","breadcrumb":{"@id":"https:\/\/mtdbutkiewicz.pl\/o-firmie\/#breadcrumb"},"inLanguage":"ru-RU","potentialAction":[{"@type":"ReadAction","target":["https:\/\/mtdbutkiewicz.pl\/o-firmie\/"]}]},{"@type":"ImageObject","inLanguage":"ru-RU","@id":"https:\/\/mtdbutkiewicz.pl\/o-firmie\/#primaryimage","url":"https:\/\/mtdbutkiewicz.pl\/wp-content\/uploads\/2025\/05\/Siedziba-MTD-Butkiewicz-1-300x200.jpg","contentUrl":"https:\/\/mtdbutkiewicz.pl\/wp-content\/uploads\/2025\/05\/Siedziba-MTD-Butkiewicz-1-300x200.jpg"},{"@type":"BreadcrumbList","@id":"https:\/\/mtdbutkiewicz.pl\/o-firmie\/#breadcrumb","itemListElement":[{"@type":"ListItem","position":1,"name":"Strona g\u0142\u00f3wna","item":"https:\/\/mtdbutkiewicz.pl\/"},{"@type":"ListItem","position":2,"name":"O firmie"}]},{"@type":"WebSite","@id":"https:\/\/mtdbutkiewicz.pl\/#website","url":"https:\/\/mtdbutkiewicz.pl\/","name":"MTD Butkiewicz","description":"\u041c\u0435\u0436\u0434\u0443\u043d\u0430\u0440\u043e\u0434\u043d\u044b\u0435 \u0430\u0432\u0442\u043e\u043c\u043e\u0431\u0438\u043b\u044c\u043d\u044b\u0435 \u043f\u0435\u0440\u0435\u0432\u043e\u0437\u043a\u0438","publisher":{"@id":"https:\/\/mtdbutkiewicz.pl\/#organization"},"potentialAction":[{"@type":"SearchAction","target":{"@type":"EntryPoint","urlTemplate":"https:\/\/mtdbutkiewicz.pl\/?s={search_term_string}"},"query-input":{"@type":"PropertyValueSpecification","valueRequired":true,"valueName":"search_term_string"}}],"inLanguage":"ru-RU"},{"@type":"Organization","@id":"https:\/\/mtdbutkiewicz.pl\/#organization","name":"MTD Butkiewicz","url":"https:\/\/mtdbutkiewicz.pl\/","logo":{"@type":"ImageObject","inLanguage":"ru-RU","@id":"https:\/\/mtdbutkiewicz.pl\/#\/schema\/logo\/image\/","url":"https:\/\/mtdbutkiewicz.pl\/wp-content\/uploads\/2017\/10\/mtd.png","contentUrl":"https:\/\/mtdbutkiewicz.pl\/wp-content\/uploads\/2017\/10\/mtd.png","width":240,"height":240,"caption":"MTD Butkiewicz"},"image":{"@id":"https:\/\/mtdbutkiewicz.pl\/#\/schema\/logo\/image\/"},"sameAs":["https:\/\/facebook.com\/mtdbutkiewicz","https:\/\/instagram.com\/mtdbutkiewicz"]}]}},"_links":{"self":[{"href":"https:\/\/mtdbutkiewicz.pl\/ru\/wp-json\/wp\/v2\/pages\/415","targetHints":{"allow":["GET"]}}],"collection":[{"href":"https:\/\/mtdbutkiewicz.pl\/ru\/wp-json\/wp\/v2\/pages"}],"about":[{"href":"https:\/\/mtdbutkiewicz.pl\/ru\/wp-json\/wp\/v2\/types\/page"}],"author":[{"embeddable":true,"href":"https:\/\/mtdbutkiewicz.pl\/ru\/wp-json\/wp\/v2\/users\/1"}],"replies":[{"embeddable":true,"href":"https:\/\/mtdbutkiewicz.pl\/ru\/wp-json\/wp\/v2\/comments?post=415"}],"version-history":[{"count":23,"href":"https:\/\/mtdbutkiewicz.pl\/ru\/wp-json\/wp\/v2\/pages\/415\/revisions"}],"predecessor-version":[{"id":2226,"href":"https:\/\/mtdbutkiewicz.pl\/ru\/wp-json\/wp\/v2\/pages\/415\/revisions\/2226"}],"wp:attachment":[{"href":"https:\/\/mtdbutkiewicz.pl\/ru\/wp-json\/wp\/v2\/media?parent=415"}],"curies":[{"name":"wp","href":"https:\/\/api.w.org\/{rel}","templated":true}]}}