{"id":1819,"date":"2017-10-26T11:41:07","date_gmt":"2017-10-26T11:41:07","guid":{"rendered":"https:\/\/mtdbutkiewicz.pl\/?page_id=1819"},"modified":"2025-09-19T10:03:05","modified_gmt":"2025-09-19T10:03:05","slug":"tir-parking","status":"publish","type":"page","link":"https:\/\/mtdbutkiewicz.pl\/en\/parking\/","title":{"rendered":"TIR parking"},"content":{"rendered":"<p class=\"qtranxs-available-languages-message qtranxs-available-languages-message-en\">Sorry, this entry is only available in <a href=\"https:\/\/mtdbutkiewicz.pl\/pl\/wp-json\/wp\/v2\/pages\/1819\" class=\"qtranxs-available-language-link qtranxs-available-language-link-pl\" title=\"Polski\">Polski<\/a>.<\/p>","protected":false},"excerpt":{"rendered":"<p>Sorry, this entry is only available in Polski.<\/p>\n","protected":false},"author":1,"featured_media":0,"parent":0,"menu_order":0,"comment_status":"closed","ping_status":"closed","template":"","meta":{"footnotes":""},"class_list":["post-1819","page","type-page","status-publish","hentry"],"yoast_head":"<!-- This site is optimized with the Yoast SEO plugin v26.7 - https:\/\/yoast.com\/wordpress\/plugins\/seo\/ -->\n<title>(Polski) TIR Parking, parking dla tir\u00f3w, ci\u0119\u017car\u00f3wek, samochod\u00f3w ci\u0119\u017carowych - Suwa\u0142ki | MTD Butkiewicz<\/title>\n<meta name=\"robots\" content=\"index, follow, max-snippet:-1, max-image-preview:large, max-video-preview:-1\" \/>\n<link rel=\"canonical\" href=\"https:\/\/mtdbutkiewicz.pl\/parking\/\" \/>\n<meta property=\"og:locale\" content=\"en_US\" \/>\n<meta property=\"og:type\" content=\"article\" \/>\n<meta property=\"og:title\" content=\"[:pl]TIR Parking, parking dla tir\u00f3w, ci\u0119\u017car\u00f3wek, samochod\u00f3w ci\u0119\u017carowych - Suwa\u0142ki | MTD Butkiewicz[:]\" \/>\n<meta property=\"og:description\" content=\"Sorry, this entry is only available in Polski.\" \/>\n<meta property=\"og:url\" content=\"https:\/\/mtdbutkiewicz.pl\/parking\/\" \/>\n<meta property=\"og:site_name\" content=\"MTD Butkiewicz\" \/>\n<meta property=\"article:publisher\" content=\"https:\/\/facebook.com\/mtdbutkiewicz\" \/>\n<meta property=\"article:modified_time\" content=\"2025-09-19T10:03:05+00:00\" \/>\n<meta name=\"twitter:card\" content=\"summary_large_image\" \/>\n<meta name=\"twitter:label1\" content=\"Est. reading time\" \/>\n\t<meta name=\"twitter:data1\" content=\"1 minute\" \/>\n<script type=\"application\/ld+json\" class=\"yoast-schema-graph\">{\"@context\":\"https:\/\/schema.org\",\"@graph\":[{\"@type\":\"WebPage\",\"@id\":\"https:\/\/mtdbutkiewicz.pl\/parking\/\",\"url\":\"https:\/\/mtdbutkiewicz.pl\/parking\/\",\"name\":\"[:pl]TIR Parking, parking dla tir\u00f3w, ci\u0119\u017car\u00f3wek, samochod\u00f3w ci\u0119\u017carowych - Suwa\u0142ki | MTD Butkiewicz[:]\",\"isPartOf\":{\"@id\":\"https:\/\/mtdbutkiewicz.pl\/#website\"},\"datePublished\":\"2017-10-26T11:41:07+00:00\",\"dateModified\":\"2025-09-19T10:03:05+00:00\",\"breadcrumb\":{\"@id\":\"https:\/\/mtdbutkiewicz.pl\/parking\/#breadcrumb\"},\"inLanguage\":\"en-US\",\"potentialAction\":[{\"@type\":\"ReadAction\",\"target\":[\"https:\/\/mtdbutkiewicz.pl\/parking\/\"]}]},{\"@type\":\"BreadcrumbList\",\"@id\":\"https:\/\/mtdbutkiewicz.pl\/parking\/#breadcrumb\",\"itemListElement\":[{\"@type\":\"ListItem\",\"position\":1,\"name\":\"Strona g\u0142\u00f3wna\",\"item\":\"https:\/\/mtdbutkiewicz.pl\/\"},{\"@type\":\"ListItem\",\"position\":2,\"name\":\"TIR parking\"}]},{\"@type\":\"WebSite\",\"@id\":\"https:\/\/mtdbutkiewicz.pl\/#website\",\"url\":\"https:\/\/mtdbutkiewicz.pl\/\",\"name\":\"MTD Butkiewicz\",\"description\":\"International road transport\",\"publisher\":{\"@id\":\"https:\/\/mtdbutkiewicz.pl\/#organization\"},\"potentialAction\":[{\"@type\":\"SearchAction\",\"target\":{\"@type\":\"EntryPoint\",\"urlTemplate\":\"https:\/\/mtdbutkiewicz.pl\/?s={search_term_string}\"},\"query-input\":{\"@type\":\"PropertyValueSpecification\",\"valueRequired\":true,\"valueName\":\"search_term_string\"}}],\"inLanguage\":\"en-US\"},{\"@type\":\"Organization\",\"@id\":\"https:\/\/mtdbutkiewicz.pl\/#organization\",\"name\":\"MTD Butkiewicz\",\"url\":\"https:\/\/mtdbutkiewicz.pl\/\",\"logo\":{\"@type\":\"ImageObject\",\"inLanguage\":\"en-US\",\"@id\":\"https:\/\/mtdbutkiewicz.pl\/#\/schema\/logo\/image\/\",\"url\":\"https:\/\/mtdbutkiewicz.pl\/wp-content\/uploads\/2017\/10\/mtd.png\",\"contentUrl\":\"https:\/\/mtdbutkiewicz.pl\/wp-content\/uploads\/2017\/10\/mtd.png\",\"width\":240,\"height\":240,\"caption\":\"MTD Butkiewicz\"},\"image\":{\"@id\":\"https:\/\/mtdbutkiewicz.pl\/#\/schema\/logo\/image\/\"},\"sameAs\":[\"https:\/\/facebook.com\/mtdbutkiewicz\",\"https:\/\/instagram.com\/mtdbutkiewicz\"]}]}<\/script>\n<!-- \/ Yoast SEO plugin. -->","yoast_head_json":{"title":"(Polski) TIR Parking, parking dla tir\u00f3w, ci\u0119\u017car\u00f3wek, samochod\u00f3w ci\u0119\u017carowych - Suwa\u0142ki | MTD Butkiewicz","robots":{"index":"index","follow":"follow","max-snippet":"max-snippet:-1","max-image-preview":"max-image-preview:large","max-video-preview":"max-video-preview:-1"},"canonical":"https:\/\/mtdbutkiewicz.pl\/parking\/","og_locale":"en_US","og_type":"article","og_title":"[:pl]TIR Parking, parking dla tir\u00f3w, ci\u0119\u017car\u00f3wek, samochod\u00f3w ci\u0119\u017carowych - Suwa\u0142ki | MTD Butkiewicz[:]","og_description":"Sorry, this entry is only available in Polski.","og_url":"https:\/\/mtdbutkiewicz.pl\/parking\/","og_site_name":"MTD Butkiewicz","article_publisher":"https:\/\/facebook.com\/mtdbutkiewicz","article_modified_time":"2025-09-19T10:03:05+00:00","twitter_card":"summary_large_image","twitter_misc":{"Est. reading time":"1 minute"},"schema":{"@context":"https:\/\/schema.org","@graph":[{"@type":"WebPage","@id":"https:\/\/mtdbutkiewicz.pl\/parking\/","url":"https:\/\/mtdbutkiewicz.pl\/parking\/","name":"[:pl]TIR Parking, parking dla tir\u00f3w, ci\u0119\u017car\u00f3wek, samochod\u00f3w ci\u0119\u017carowych - Suwa\u0142ki | MTD Butkiewicz[:]","isPartOf":{"@id":"https:\/\/mtdbutkiewicz.pl\/#website"},"datePublished":"2017-10-26T11:41:07+00:00","dateModified":"2025-09-19T10:03:05+00:00","breadcrumb":{"@id":"https:\/\/mtdbutkiewicz.pl\/parking\/#breadcrumb"},"inLanguage":"en-US","potentialAction":[{"@type":"ReadAction","target":["https:\/\/mtdbutkiewicz.pl\/parking\/"]}]},{"@type":"BreadcrumbList","@id":"https:\/\/mtdbutkiewicz.pl\/parking\/#breadcrumb","itemListElement":[{"@type":"ListItem","position":1,"name":"Strona g\u0142\u00f3wna","item":"https:\/\/mtdbutkiewicz.pl\/"},{"@type":"ListItem","position":2,"name":"TIR parking"}]},{"@type":"WebSite","@id":"https:\/\/mtdbutkiewicz.pl\/#website","url":"https:\/\/mtdbutkiewicz.pl\/","name":"MTD Butkiewicz","description":"International road transport","publisher":{"@id":"https:\/\/mtdbutkiewicz.pl\/#organization"},"potentialAction":[{"@type":"SearchAction","target":{"@type":"EntryPoint","urlTemplate":"https:\/\/mtdbutkiewicz.pl\/?s={search_term_string}"},"query-input":{"@type":"PropertyValueSpecification","valueRequired":true,"valueName":"search_term_string"}}],"inLanguage":"en-US"},{"@type":"Organization","@id":"https:\/\/mtdbutkiewicz.pl\/#organization","name":"MTD Butkiewicz","url":"https:\/\/mtdbutkiewicz.pl\/","logo":{"@type":"ImageObject","inLanguage":"en-US","@id":"https:\/\/mtdbutkiewicz.pl\/#\/schema\/logo\/image\/","url":"https:\/\/mtdbutkiewicz.pl\/wp-content\/uploads\/2017\/10\/mtd.png","contentUrl":"https:\/\/mtdbutkiewicz.pl\/wp-content\/uploads\/2017\/10\/mtd.png","width":240,"height":240,"caption":"MTD Butkiewicz"},"image":{"@id":"https:\/\/mtdbutkiewicz.pl\/#\/schema\/logo\/image\/"},"sameAs":["https:\/\/facebook.com\/mtdbutkiewicz","https:\/\/instagram.com\/mtdbutkiewicz"]}]}},"_links":{"self":[{"href":"https:\/\/mtdbutkiewicz.pl\/en\/wp-json\/wp\/v2\/pages\/1819","targetHints":{"allow":["GET"]}}],"collection":[{"href":"https:\/\/mtdbutkiewicz.pl\/en\/wp-json\/wp\/v2\/pages"}],"about":[{"href":"https:\/\/mtdbutkiewicz.pl\/en\/wp-json\/wp\/v2\/types\/page"}],"author":[{"embeddable":true,"href":"https:\/\/mtdbutkiewicz.pl\/en\/wp-json\/wp\/v2\/users\/1"}],"replies":[{"embeddable":true,"href":"https:\/\/mtdbutkiewicz.pl\/en\/wp-json\/wp\/v2\/comments?post=1819"}],"version-history":[{"count":9,"href":"https:\/\/mtdbutkiewicz.pl\/en\/wp-json\/wp\/v2\/pages\/1819\/revisions"}],"predecessor-version":[{"id":2238,"href":"https:\/\/mtdbutkiewicz.pl\/en\/wp-json\/wp\/v2\/pages\/1819\/revisions\/2238"}],"wp:attachment":[{"href":"https:\/\/mtdbutkiewicz.pl\/en\/wp-json\/wp\/v2\/media?parent=1819"}],"curies":[{"name":"wp","href":"https:\/\/api.w.org\/{rel}","templated":true}]}}