{"id":1513,"date":"2016-06-22T16:14:26","date_gmt":"2016-06-22T16:14:26","guid":{"rendered":"https:\/\/mtdbutkiewicz.pl\/nowe\/?page_id=1513"},"modified":"2025-09-18T10:35:51","modified_gmt":"2025-09-18T10:35:51","slug":"sklep-motoryzacyjny-auto-czesci","status":"publish","type":"page","link":"https:\/\/mtdbutkiewicz.pl\/en\/car-parts\/","title":{"rendered":"Auto parts"},"content":{"rendered":"<p class=\"qtranxs-available-languages-message qtranxs-available-languages-message-en\">Sorry, this entry is only available in <a href=\"https:\/\/mtdbutkiewicz.pl\/pl\/wp-json\/wp\/v2\/pages\/1513\" class=\"qtranxs-available-language-link qtranxs-available-language-link-pl\" title=\"Polski\">Polski<\/a>.<\/p>","protected":false},"excerpt":{"rendered":"<p>Sorry, this entry is only available in Polski.<\/p>\n","protected":false},"author":1,"featured_media":0,"parent":0,"menu_order":0,"comment_status":"closed","ping_status":"closed","template":"","meta":{"footnotes":""},"class_list":["post-1513","page","type-page","status-publish","hentry"],"yoast_head":"<!-- This site is optimized with the Yoast SEO plugin v26.7 - https:\/\/yoast.com\/wordpress\/plugins\/seo\/ -->\n<title>(Polski) Auto cz\u0119\u015bci, sklep motoryzacyjny - Suwa\u0142ki | MTD Butkiewicz<\/title>\n<meta name=\"description\" content=\"(Polski) Oferujemy oryginalne auto cz\u0119\u015bci w mie\u015bcie Suwa\u0142ki do ka\u017cdego rodzaju pojazd\u00f3w, m.in: samochod\u00f3w osobowych, ci\u0119\u017carowych i dostawczych.\" \/>\n<meta name=\"robots\" content=\"index, follow, max-snippet:-1, max-image-preview:large, max-video-preview:-1\" \/>\n<link rel=\"canonical\" href=\"https:\/\/mtdbutkiewicz.pl\/auto-czesci\/\" \/>\n<meta property=\"og:locale\" content=\"en_US\" \/>\n<meta property=\"og:type\" content=\"article\" \/>\n<meta property=\"og:title\" content=\"[:pl]Auto cz\u0119\u015bci, sklep motoryzacyjny - Suwa\u0142ki | MTD Butkiewicz[:]\" \/>\n<meta property=\"og:description\" content=\"{:pl}Oferujemy oryginalne auto cz\u0119\u015bci w mie\u015bcie Suwa\u0142ki do ka\u017cdego rodzaju pojazd\u00f3w, m.in: samochod\u00f3w osobowych, ci\u0119\u017carowych i dostawczych.{:}\" \/>\n<meta property=\"og:url\" content=\"https:\/\/mtdbutkiewicz.pl\/auto-czesci\/\" \/>\n<meta property=\"og:site_name\" content=\"MTD Butkiewicz\" \/>\n<meta property=\"article:publisher\" content=\"https:\/\/facebook.com\/mtdbutkiewicz\" \/>\n<meta property=\"article:modified_time\" content=\"2025-09-18T10:35:51+00:00\" \/>\n<meta name=\"twitter:card\" content=\"summary_large_image\" \/>\n<meta name=\"twitter:label1\" content=\"Est. reading time\" \/>\n\t<meta name=\"twitter:data1\" content=\"1 minute\" \/>\n<script type=\"application\/ld+json\" class=\"yoast-schema-graph\">{\"@context\":\"https:\/\/schema.org\",\"@graph\":[{\"@type\":\"WebPage\",\"@id\":\"https:\/\/mtdbutkiewicz.pl\/auto-czesci\/\",\"url\":\"https:\/\/mtdbutkiewicz.pl\/auto-czesci\/\",\"name\":\"[:pl]Auto cz\u0119\u015bci, sklep motoryzacyjny - Suwa\u0142ki | MTD Butkiewicz[:]\",\"isPartOf\":{\"@id\":\"https:\/\/mtdbutkiewicz.pl\/#website\"},\"datePublished\":\"2016-06-22T16:14:26+00:00\",\"dateModified\":\"2025-09-18T10:35:51+00:00\",\"description\":\"{:pl}Oferujemy oryginalne auto cz\u0119\u015bci w mie\u015bcie Suwa\u0142ki do ka\u017cdego rodzaju pojazd\u00f3w, m.in: samochod\u00f3w osobowych, ci\u0119\u017carowych i dostawczych.{:}\",\"breadcrumb\":{\"@id\":\"https:\/\/mtdbutkiewicz.pl\/auto-czesci\/#breadcrumb\"},\"inLanguage\":\"en-US\",\"potentialAction\":[{\"@type\":\"ReadAction\",\"target\":[\"https:\/\/mtdbutkiewicz.pl\/auto-czesci\/\"]}]},{\"@type\":\"BreadcrumbList\",\"@id\":\"https:\/\/mtdbutkiewicz.pl\/auto-czesci\/#breadcrumb\",\"itemListElement\":[{\"@type\":\"ListItem\",\"position\":1,\"name\":\"Strona g\u0142\u00f3wna\",\"item\":\"https:\/\/mtdbutkiewicz.pl\/\"},{\"@type\":\"ListItem\",\"position\":2,\"name\":\"Sklep motoryzacyjny \u2013 cz\u0119\u015bci do aut ci\u0119\u017carowych\"}]},{\"@type\":\"WebSite\",\"@id\":\"https:\/\/mtdbutkiewicz.pl\/#website\",\"url\":\"https:\/\/mtdbutkiewicz.pl\/\",\"name\":\"MTD Butkiewicz\",\"description\":\"International road transport\",\"publisher\":{\"@id\":\"https:\/\/mtdbutkiewicz.pl\/#organization\"},\"potentialAction\":[{\"@type\":\"SearchAction\",\"target\":{\"@type\":\"EntryPoint\",\"urlTemplate\":\"https:\/\/mtdbutkiewicz.pl\/?s={search_term_string}\"},\"query-input\":{\"@type\":\"PropertyValueSpecification\",\"valueRequired\":true,\"valueName\":\"search_term_string\"}}],\"inLanguage\":\"en-US\"},{\"@type\":\"Organization\",\"@id\":\"https:\/\/mtdbutkiewicz.pl\/#organization\",\"name\":\"MTD Butkiewicz\",\"url\":\"https:\/\/mtdbutkiewicz.pl\/\",\"logo\":{\"@type\":\"ImageObject\",\"inLanguage\":\"en-US\",\"@id\":\"https:\/\/mtdbutkiewicz.pl\/#\/schema\/logo\/image\/\",\"url\":\"https:\/\/mtdbutkiewicz.pl\/wp-content\/uploads\/2017\/10\/mtd.png\",\"contentUrl\":\"https:\/\/mtdbutkiewicz.pl\/wp-content\/uploads\/2017\/10\/mtd.png\",\"width\":240,\"height\":240,\"caption\":\"MTD Butkiewicz\"},\"image\":{\"@id\":\"https:\/\/mtdbutkiewicz.pl\/#\/schema\/logo\/image\/\"},\"sameAs\":[\"https:\/\/facebook.com\/mtdbutkiewicz\",\"https:\/\/instagram.com\/mtdbutkiewicz\"]}]}<\/script>\n<!-- \/ Yoast SEO plugin. -->","yoast_head_json":{"title":"(Polski) Auto cz\u0119\u015bci, sklep motoryzacyjny - Suwa\u0142ki | MTD Butkiewicz","description":"(Polski) Oferujemy oryginalne auto cz\u0119\u015bci w mie\u015bcie Suwa\u0142ki do ka\u017cdego rodzaju pojazd\u00f3w, m.in: samochod\u00f3w osobowych, ci\u0119\u017carowych i dostawczych.","robots":{"index":"index","follow":"follow","max-snippet":"max-snippet:-1","max-image-preview":"max-image-preview:large","max-video-preview":"max-video-preview:-1"},"canonical":"https:\/\/mtdbutkiewicz.pl\/auto-czesci\/","og_locale":"en_US","og_type":"article","og_title":"[:pl]Auto cz\u0119\u015bci, sklep motoryzacyjny - Suwa\u0142ki | MTD Butkiewicz[:]","og_description":"{:pl}Oferujemy oryginalne auto cz\u0119\u015bci w mie\u015bcie Suwa\u0142ki do ka\u017cdego rodzaju pojazd\u00f3w, m.in: samochod\u00f3w osobowych, ci\u0119\u017carowych i dostawczych.{:}","og_url":"https:\/\/mtdbutkiewicz.pl\/auto-czesci\/","og_site_name":"MTD Butkiewicz","article_publisher":"https:\/\/facebook.com\/mtdbutkiewicz","article_modified_time":"2025-09-18T10:35:51+00:00","twitter_card":"summary_large_image","twitter_misc":{"Est. reading time":"1 minute"},"schema":{"@context":"https:\/\/schema.org","@graph":[{"@type":"WebPage","@id":"https:\/\/mtdbutkiewicz.pl\/auto-czesci\/","url":"https:\/\/mtdbutkiewicz.pl\/auto-czesci\/","name":"[:pl]Auto cz\u0119\u015bci, sklep motoryzacyjny - Suwa\u0142ki | MTD Butkiewicz[:]","isPartOf":{"@id":"https:\/\/mtdbutkiewicz.pl\/#website"},"datePublished":"2016-06-22T16:14:26+00:00","dateModified":"2025-09-18T10:35:51+00:00","description":"{:pl}Oferujemy oryginalne auto cz\u0119\u015bci w mie\u015bcie Suwa\u0142ki do ka\u017cdego rodzaju pojazd\u00f3w, m.in: samochod\u00f3w osobowych, ci\u0119\u017carowych i dostawczych.{:}","breadcrumb":{"@id":"https:\/\/mtdbutkiewicz.pl\/auto-czesci\/#breadcrumb"},"inLanguage":"en-US","potentialAction":[{"@type":"ReadAction","target":["https:\/\/mtdbutkiewicz.pl\/auto-czesci\/"]}]},{"@type":"BreadcrumbList","@id":"https:\/\/mtdbutkiewicz.pl\/auto-czesci\/#breadcrumb","itemListElement":[{"@type":"ListItem","position":1,"name":"Strona g\u0142\u00f3wna","item":"https:\/\/mtdbutkiewicz.pl\/"},{"@type":"ListItem","position":2,"name":"Sklep motoryzacyjny \u2013 cz\u0119\u015bci do aut ci\u0119\u017carowych"}]},{"@type":"WebSite","@id":"https:\/\/mtdbutkiewicz.pl\/#website","url":"https:\/\/mtdbutkiewicz.pl\/","name":"MTD Butkiewicz","description":"International road transport","publisher":{"@id":"https:\/\/mtdbutkiewicz.pl\/#organization"},"potentialAction":[{"@type":"SearchAction","target":{"@type":"EntryPoint","urlTemplate":"https:\/\/mtdbutkiewicz.pl\/?s={search_term_string}"},"query-input":{"@type":"PropertyValueSpecification","valueRequired":true,"valueName":"search_term_string"}}],"inLanguage":"en-US"},{"@type":"Organization","@id":"https:\/\/mtdbutkiewicz.pl\/#organization","name":"MTD Butkiewicz","url":"https:\/\/mtdbutkiewicz.pl\/","logo":{"@type":"ImageObject","inLanguage":"en-US","@id":"https:\/\/mtdbutkiewicz.pl\/#\/schema\/logo\/image\/","url":"https:\/\/mtdbutkiewicz.pl\/wp-content\/uploads\/2017\/10\/mtd.png","contentUrl":"https:\/\/mtdbutkiewicz.pl\/wp-content\/uploads\/2017\/10\/mtd.png","width":240,"height":240,"caption":"MTD Butkiewicz"},"image":{"@id":"https:\/\/mtdbutkiewicz.pl\/#\/schema\/logo\/image\/"},"sameAs":["https:\/\/facebook.com\/mtdbutkiewicz","https:\/\/instagram.com\/mtdbutkiewicz"]}]}},"_links":{"self":[{"href":"https:\/\/mtdbutkiewicz.pl\/en\/wp-json\/wp\/v2\/pages\/1513","targetHints":{"allow":["GET"]}}],"collection":[{"href":"https:\/\/mtdbutkiewicz.pl\/en\/wp-json\/wp\/v2\/pages"}],"about":[{"href":"https:\/\/mtdbutkiewicz.pl\/en\/wp-json\/wp\/v2\/types\/page"}],"author":[{"embeddable":true,"href":"https:\/\/mtdbutkiewicz.pl\/en\/wp-json\/wp\/v2\/users\/1"}],"replies":[{"embeddable":true,"href":"https:\/\/mtdbutkiewicz.pl\/en\/wp-json\/wp\/v2\/comments?post=1513"}],"version-history":[{"count":13,"href":"https:\/\/mtdbutkiewicz.pl\/en\/wp-json\/wp\/v2\/pages\/1513\/revisions"}],"predecessor-version":[{"id":2212,"href":"https:\/\/mtdbutkiewicz.pl\/en\/wp-json\/wp\/v2\/pages\/1513\/revisions\/2212"}],"wp:attachment":[{"href":"https:\/\/mtdbutkiewicz.pl\/en\/wp-json\/wp\/v2\/media?parent=1513"}],"curies":[{"name":"wp","href":"https:\/\/api.w.org\/{rel}","templated":true}]}}