{"id":1418,"date":"2016-06-19T15:42:08","date_gmt":"2016-06-19T15:42:08","guid":{"rendered":"https:\/\/mtdbutkiewicz.pl\/nowe\/?page_id=1418"},"modified":"2025-05-14T10:51:49","modified_gmt":"2025-05-14T10:51:49","slug":"certyfikaty-i-zezwolenia","status":"publish","type":"page","link":"https:\/\/mtdbutkiewicz.pl\/en\/certificates-and-permit\/","title":{"rendered":"Certificates and approvals"},"content":{"rendered":"<table style=\"border-collapse: collapse; width: 100%; height: 54px;\">\n<tbody>\n<tr style=\"height: 18px;\">\n<td style=\"width: 39.2727%; height: 18px;\">\n<ul style=\"list-style-type: disc;\">\n<li>\n<h6><a href=\"https:\/\/mtdbutkiewicz.pl\/wp-content\/uploads\/2025\/05\/wpis-do-KRS_watermark-1.pdf\" target=\"_blank\" rel=\"noopener\">Wpis do KRS<\/a><\/h6>\n<\/li>\n<\/ul>\n<\/td>\n<td style=\"width: 20.2424%; height: 18px;\">\u00a0<\/td>\n<td style=\"width: 20.2424%; height: 18px;\">\u00a0<\/td>\n<\/tr>\n<tr style=\"height: 18px;\">\n<td style=\"width: 39.2727%; height: 18px;\">\n<ul style=\"list-style-type: disc;\">\n<li>\n<h6><a href=\"https:\/\/mtdbutkiewicz.pl\/wp-content\/uploads\/2025\/05\/Zezwolenie-na-wykonywanie-zawodu-przewoznika_watermark.pdf\" target=\"_blank\" rel=\"noopener\">Zezwolenie na wykonywanie zawodu przewo\u017anika<\/a><\/h6>\n<\/li>\n<\/ul>\n<\/td>\n<td style=\"width: 20.2424%; height: 18px;\">\u00a0<\/td>\n<td style=\"width: 20.2424%; height: 18px;\">\u00a0<\/td>\n<\/tr>\n<tr style=\"height: 18px;\">\n<td style=\"width: 39.2727%; height: 18px;\">\n<ul style=\"list-style-type: disc;\">\n<li>\n<h6><a href=\"https:\/\/mtdbutkiewicz.pl\/wp-content\/uploads\/2025\/05\/Licencja-MTD-Butkiewicz-Spolka-z-o.o._watermark.pdf\" target=\"_blank\" rel=\"noopener\">Licencja na przew\u00f3z rzeczy<\/a><\/h6>\n<\/li>\n<\/ul>\n<\/td>\n<td style=\"width: 20.2424%; height: 18px;\">\u00a0<\/td>\n<td style=\"width: 20.2424%; height: 18px;\">\u00a0<\/td>\n<\/tr>\n<tr>\n<td style=\"width: 39.2727%;\">\n<ul style=\"list-style-type: disc;\">\n<li>\n<h6><a href=\"https:\/\/mtdbutkiewicz.pl\/wp-content\/uploads\/2016\/06\/certyfikat.jpg\" target=\"_blank\" rel=\"noopener\">CERTYFIKAT KOMPETENCJI ZAWODOWYCH<\/a><\/h6>\n<\/li>\n<\/ul>\n<\/td>\n<td style=\"width: 20.2424%;\">\u00a0<\/td>\n<td style=\"width: 20.2424%;\">\u00a0<\/td>\n<\/tr>\n<tr>\n<td style=\"width: 39.2727%;\">\n<ul style=\"list-style-type: disc;\">\n<li>\n<h6><a href=\"https:\/\/mtdbutkiewicz.pl\/wp-content\/uploads\/2016\/06\/swiadectwo.jpg\" target=\"_blank\" rel=\"noopener\">\u015awiadecto uko\u0144czenia kursu z przepis\u00f3w konwencji TIR, CMR i AETR<\/a><\/h6>\n<\/li>\n<\/ul>\n<\/td>\n<td style=\"width: 20.2424%;\">\u00a0<\/td>\n<td style=\"width: 20.2424%;\">\u00a0<\/td>\n<\/tr>\n<\/tbody>\n<\/table>\n<p>[vc_row][vc_column][vc_masonry_media_grid item=&#8221;masonryMedia_BorderedScale&#8221; grid_id=&#8221;vc_gid:1467098314162-c2c76a1a-fcf7-9&#8243; include=&#8221;1600,1425,1424,1423,1422,1421&#8243;][\/vc_column][\/vc_row]<\/p>\n\n","protected":false},"excerpt":{"rendered":"<p>Wpis do KRS \u00a0 \u00a0 Zezwolenie na wykonywanie zawodu przewo\u017anika \u00a0 \u00a0 Licencja na przew\u00f3z rzeczy \u00a0 \u00a0 CERTYFIKAT KOMPETENCJI ZAWODOWYCH \u00a0 \u00a0 \u015awiadecto uko\u0144czenia kursu z przepis\u00f3w konwencji TIR, CMR i AETR&#8230;<\/p>\n","protected":false},"author":1,"featured_media":0,"parent":0,"menu_order":0,"comment_status":"closed","ping_status":"closed","template":"","meta":{"footnotes":""},"class_list":["post-1418","page","type-page","status-publish","hentry"],"yoast_head":"<!-- This site is optimized with the Yoast SEO plugin v26.7 - https:\/\/yoast.com\/wordpress\/plugins\/seo\/ -->\n<title>(Polski) Certyfikaty i zezwolenia na transport krajowy i mi\u0119dzynarodowy | MTD Butkiewicz<\/title>\n<meta name=\"robots\" content=\"index, follow, max-snippet:-1, max-image-preview:large, max-video-preview:-1\" \/>\n<link rel=\"canonical\" href=\"https:\/\/mtdbutkiewicz.pl\/certyfikaty-i-zezwolenia\/\" \/>\n<meta property=\"og:locale\" content=\"en_US\" \/>\n<meta property=\"og:type\" content=\"article\" \/>\n<meta property=\"og:title\" content=\"[:pl]Certyfikaty i zezwolenia na transport krajowy i mi\u0119dzynarodowy | MTD Butkiewicz[:]\" \/>\n<meta property=\"og:description\" content=\"Wpis do KRS \u00a0 \u00a0 Zezwolenie na wykonywanie zawodu przewo\u017anika \u00a0 \u00a0 Licencja na przew\u00f3z rzeczy \u00a0 \u00a0 CERTYFIKAT KOMPETENCJI ZAWODOWYCH \u00a0 \u00a0 \u015awiadecto uko\u0144czenia kursu z przepis\u00f3w konwencji TIR, CMR i AETR...\" \/>\n<meta property=\"og:url\" content=\"https:\/\/mtdbutkiewicz.pl\/certyfikaty-i-zezwolenia\/\" \/>\n<meta property=\"og:site_name\" content=\"MTD Butkiewicz\" \/>\n<meta property=\"article:publisher\" content=\"https:\/\/facebook.com\/mtdbutkiewicz\" \/>\n<meta property=\"article:modified_time\" content=\"2025-05-14T10:51:49+00:00\" \/>\n<meta name=\"twitter:card\" content=\"summary_large_image\" \/>\n<meta name=\"twitter:label1\" content=\"Est. reading time\" \/>\n\t<meta name=\"twitter:data1\" content=\"1 minute\" \/>\n<script type=\"application\/ld+json\" class=\"yoast-schema-graph\">{\"@context\":\"https:\/\/schema.org\",\"@graph\":[{\"@type\":\"WebPage\",\"@id\":\"https:\/\/mtdbutkiewicz.pl\/certyfikaty-i-zezwolenia\/\",\"url\":\"https:\/\/mtdbutkiewicz.pl\/certyfikaty-i-zezwolenia\/\",\"name\":\"[:pl]Certyfikaty i zezwolenia na transport krajowy i mi\u0119dzynarodowy | MTD Butkiewicz[:]\",\"isPartOf\":{\"@id\":\"https:\/\/mtdbutkiewicz.pl\/#website\"},\"datePublished\":\"2016-06-19T15:42:08+00:00\",\"dateModified\":\"2025-05-14T10:51:49+00:00\",\"breadcrumb\":{\"@id\":\"https:\/\/mtdbutkiewicz.pl\/certyfikaty-i-zezwolenia\/#breadcrumb\"},\"inLanguage\":\"en-US\",\"potentialAction\":[{\"@type\":\"ReadAction\",\"target\":[\"https:\/\/mtdbutkiewicz.pl\/certyfikaty-i-zezwolenia\/\"]}]},{\"@type\":\"BreadcrumbList\",\"@id\":\"https:\/\/mtdbutkiewicz.pl\/certyfikaty-i-zezwolenia\/#breadcrumb\",\"itemListElement\":[{\"@type\":\"ListItem\",\"position\":1,\"name\":\"Strona g\u0142\u00f3wna\",\"item\":\"https:\/\/mtdbutkiewicz.pl\/\"},{\"@type\":\"ListItem\",\"position\":2,\"name\":\"Certyfikaty i zezwolenia\"}]},{\"@type\":\"WebSite\",\"@id\":\"https:\/\/mtdbutkiewicz.pl\/#website\",\"url\":\"https:\/\/mtdbutkiewicz.pl\/\",\"name\":\"MTD Butkiewicz\",\"description\":\"International road transport\",\"publisher\":{\"@id\":\"https:\/\/mtdbutkiewicz.pl\/#organization\"},\"potentialAction\":[{\"@type\":\"SearchAction\",\"target\":{\"@type\":\"EntryPoint\",\"urlTemplate\":\"https:\/\/mtdbutkiewicz.pl\/?s={search_term_string}\"},\"query-input\":{\"@type\":\"PropertyValueSpecification\",\"valueRequired\":true,\"valueName\":\"search_term_string\"}}],\"inLanguage\":\"en-US\"},{\"@type\":\"Organization\",\"@id\":\"https:\/\/mtdbutkiewicz.pl\/#organization\",\"name\":\"MTD Butkiewicz\",\"url\":\"https:\/\/mtdbutkiewicz.pl\/\",\"logo\":{\"@type\":\"ImageObject\",\"inLanguage\":\"en-US\",\"@id\":\"https:\/\/mtdbutkiewicz.pl\/#\/schema\/logo\/image\/\",\"url\":\"https:\/\/mtdbutkiewicz.pl\/wp-content\/uploads\/2017\/10\/mtd.png\",\"contentUrl\":\"https:\/\/mtdbutkiewicz.pl\/wp-content\/uploads\/2017\/10\/mtd.png\",\"width\":240,\"height\":240,\"caption\":\"MTD Butkiewicz\"},\"image\":{\"@id\":\"https:\/\/mtdbutkiewicz.pl\/#\/schema\/logo\/image\/\"},\"sameAs\":[\"https:\/\/facebook.com\/mtdbutkiewicz\",\"https:\/\/instagram.com\/mtdbutkiewicz\"]}]}<\/script>\n<!-- \/ Yoast SEO plugin. -->","yoast_head_json":{"title":"(Polski) Certyfikaty i zezwolenia na transport krajowy i mi\u0119dzynarodowy | MTD Butkiewicz","robots":{"index":"index","follow":"follow","max-snippet":"max-snippet:-1","max-image-preview":"max-image-preview:large","max-video-preview":"max-video-preview:-1"},"canonical":"https:\/\/mtdbutkiewicz.pl\/certyfikaty-i-zezwolenia\/","og_locale":"en_US","og_type":"article","og_title":"[:pl]Certyfikaty i zezwolenia na transport krajowy i mi\u0119dzynarodowy | MTD Butkiewicz[:]","og_description":"Wpis do KRS \u00a0 \u00a0 Zezwolenie na wykonywanie zawodu przewo\u017anika \u00a0 \u00a0 Licencja na przew\u00f3z rzeczy \u00a0 \u00a0 CERTYFIKAT KOMPETENCJI ZAWODOWYCH \u00a0 \u00a0 \u015awiadecto uko\u0144czenia kursu z przepis\u00f3w konwencji TIR, CMR i AETR...","og_url":"https:\/\/mtdbutkiewicz.pl\/certyfikaty-i-zezwolenia\/","og_site_name":"MTD Butkiewicz","article_publisher":"https:\/\/facebook.com\/mtdbutkiewicz","article_modified_time":"2025-05-14T10:51:49+00:00","twitter_card":"summary_large_image","twitter_misc":{"Est. reading time":"1 minute"},"schema":{"@context":"https:\/\/schema.org","@graph":[{"@type":"WebPage","@id":"https:\/\/mtdbutkiewicz.pl\/certyfikaty-i-zezwolenia\/","url":"https:\/\/mtdbutkiewicz.pl\/certyfikaty-i-zezwolenia\/","name":"[:pl]Certyfikaty i zezwolenia na transport krajowy i mi\u0119dzynarodowy | MTD Butkiewicz[:]","isPartOf":{"@id":"https:\/\/mtdbutkiewicz.pl\/#website"},"datePublished":"2016-06-19T15:42:08+00:00","dateModified":"2025-05-14T10:51:49+00:00","breadcrumb":{"@id":"https:\/\/mtdbutkiewicz.pl\/certyfikaty-i-zezwolenia\/#breadcrumb"},"inLanguage":"en-US","potentialAction":[{"@type":"ReadAction","target":["https:\/\/mtdbutkiewicz.pl\/certyfikaty-i-zezwolenia\/"]}]},{"@type":"BreadcrumbList","@id":"https:\/\/mtdbutkiewicz.pl\/certyfikaty-i-zezwolenia\/#breadcrumb","itemListElement":[{"@type":"ListItem","position":1,"name":"Strona g\u0142\u00f3wna","item":"https:\/\/mtdbutkiewicz.pl\/"},{"@type":"ListItem","position":2,"name":"Certyfikaty i zezwolenia"}]},{"@type":"WebSite","@id":"https:\/\/mtdbutkiewicz.pl\/#website","url":"https:\/\/mtdbutkiewicz.pl\/","name":"MTD Butkiewicz","description":"International road transport","publisher":{"@id":"https:\/\/mtdbutkiewicz.pl\/#organization"},"potentialAction":[{"@type":"SearchAction","target":{"@type":"EntryPoint","urlTemplate":"https:\/\/mtdbutkiewicz.pl\/?s={search_term_string}"},"query-input":{"@type":"PropertyValueSpecification","valueRequired":true,"valueName":"search_term_string"}}],"inLanguage":"en-US"},{"@type":"Organization","@id":"https:\/\/mtdbutkiewicz.pl\/#organization","name":"MTD Butkiewicz","url":"https:\/\/mtdbutkiewicz.pl\/","logo":{"@type":"ImageObject","inLanguage":"en-US","@id":"https:\/\/mtdbutkiewicz.pl\/#\/schema\/logo\/image\/","url":"https:\/\/mtdbutkiewicz.pl\/wp-content\/uploads\/2017\/10\/mtd.png","contentUrl":"https:\/\/mtdbutkiewicz.pl\/wp-content\/uploads\/2017\/10\/mtd.png","width":240,"height":240,"caption":"MTD Butkiewicz"},"image":{"@id":"https:\/\/mtdbutkiewicz.pl\/#\/schema\/logo\/image\/"},"sameAs":["https:\/\/facebook.com\/mtdbutkiewicz","https:\/\/instagram.com\/mtdbutkiewicz"]}]}},"_links":{"self":[{"href":"https:\/\/mtdbutkiewicz.pl\/en\/wp-json\/wp\/v2\/pages\/1418","targetHints":{"allow":["GET"]}}],"collection":[{"href":"https:\/\/mtdbutkiewicz.pl\/en\/wp-json\/wp\/v2\/pages"}],"about":[{"href":"https:\/\/mtdbutkiewicz.pl\/en\/wp-json\/wp\/v2\/types\/page"}],"author":[{"embeddable":true,"href":"https:\/\/mtdbutkiewicz.pl\/en\/wp-json\/wp\/v2\/users\/1"}],"replies":[{"embeddable":true,"href":"https:\/\/mtdbutkiewicz.pl\/en\/wp-json\/wp\/v2\/comments?post=1418"}],"version-history":[{"count":33,"href":"https:\/\/mtdbutkiewicz.pl\/en\/wp-json\/wp\/v2\/pages\/1418\/revisions"}],"predecessor-version":[{"id":2084,"href":"https:\/\/mtdbutkiewicz.pl\/en\/wp-json\/wp\/v2\/pages\/1418\/revisions\/2084"}],"wp:attachment":[{"href":"https:\/\/mtdbutkiewicz.pl\/en\/wp-json\/wp\/v2\/media?parent=1418"}],"curies":[{"name":"wp","href":"https:\/\/api.w.org\/{rel}","templated":true}]}}