{"id":1269,"date":"2015-10-21T07:42:32","date_gmt":"2015-10-21T07:42:32","guid":{"rendered":"http:\/\/cdn.logistics.stylemixthemes.com\/demo\/?page_id=2"},"modified":"2025-09-30T12:00:58","modified_gmt":"2025-09-30T12:00:58","slug":"home","status":"publish","type":"page","link":"https:\/\/mtdbutkiewicz.pl\/en\/","title":{"rendered":"Home"},"content":{"rendered":"<p>[vc_row full_width=&#8221;stretch_row_content_no_spaces&#8221; css=&#8221;.vc_custom_1445941555299{margin-bottom: 0px !important;}&#8221;][vc_column offset=&#8221;vc_hidden-xs&#8221;][rev_slider_vc alias=&#8221;main_slider&#8221;][\/vc_column][\/vc_row][vc_row full_width=&#8221;stretch_row_content_no_spaces&#8221; content_placement=&#8221;middle&#8221;][vc_column offset=&#8221;vc_hidden-lg vc_hidden-md vc_hidden-sm&#8221;][vc_cta h2=&#8221;Transport i spedycja&#8221; h4=&#8221;Na najwy\u017cszym \u015bwiatowym poziomie&#8221; txt_align=&#8221;center&#8221; shape=&#8221;square&#8221; color=&#8221;white&#8221; add_button=&#8221;bottom&#8221; btn_title=&#8221;Zobacz&#8221; btn_style=&#8221;outline&#8221; btn_shape=&#8221;round&#8221; btn_color=&#8221;white&#8221; btn_size=&#8221;sm&#8221; btn_i_align=&#8221;right&#8221; btn_i_icon_fontawesome=&#8221;stm-arrow-next&#8221; css=&#8221;.vc_custom_1472577499874{background-image: url(https:\/\/mtdbutkiewicz.pl\/wp-content\/uploads\/2015\/10\/banner_mobile.jpg?id=1782) !important;background-position: center !important;background-repeat: no-repeat !important;background-size: cover !important;}&#8221; btn_link=&#8221;url:http%3A%2F%2Fhttps:\/\/mtdbutkiewicz.pl%2Fzasieg%2F|||&#8221; btn_add_icon=&#8221;true&#8221; btn_custom_onclick=&#8221;true&#8221;][\/vc_cta][\/vc_column][\/vc_row][vc_row full_width=&#8221;stretch_row&#8221; el_class=&#8221;base_bg_color no_overflow_hidden&#8221; css=&#8221;.vc_custom_1448432556856{margin-bottom: 80px !important;}&#8221;][vc_column width=&#8221;1\/4&#8243; offset=&#8221;vc_hidden-xs&#8221;][stm_rev_slider_nav title=&#8221;Transport i spedycja&#8221; icon=&#8221;stm-transport842&#8243; slide_number=&#8221;1&#8243;][\/vc_column][vc_column width=&#8221;1\/4&#8243; offset=&#8221;vc_hidden-xs&#8221;][stm_rev_slider_nav title=&#8221;Serwis&#8221; icon=&#8221;icomoon-mechanic-working&#8221; slide_number=&#8221;2&#8243;][\/vc_column][vc_column width=&#8221;1\/4&#8243; offset=&#8221;vc_hidden-xs&#8221;][stm_rev_slider_nav title=&#8221;Cz\u0119\u015bci zamienne&#8221; icon=&#8221;icomoon-shockbreaker&#8221; slide_number=&#8221;3&#8243;][\/vc_column][vc_column width=&#8221;1\/4&#8243; offset=&#8221;vc_hidden-xs&#8221;][stm_rev_slider_nav title=&#8221;Serwis mobilny&#8221; icon=&#8221;icomoon-time&#8221; slide_number=&#8221;4&#8243;][\/vc_column][\/vc_row][vc_row css=&#8221;.vc_custom_1450264294682{margin-bottom: 80px !important;}&#8221;][vc_column offset=&#8221;vc_col-lg-6 vc_col-md-6&#8243;][vc_column_text]<\/p>\r\n<h2><span style=\"font-weight: 300;\">WITAMY W MTD Butkiewicz!<\/span><\/h2>\r\n<p>Historia naszej firmy si\u0119ga 1991 roku, kiedy to nabyli\u015bmy pierwsze ci\u0105gniki. Obecnie nasza flota liczy <strong>100 nowoczesnych zestaw\u00f3w<\/strong>, z kt\u00f3rych najstarsze maj\u0105 4 lata. Obs\u0142ugujemy wi\u0119kszo\u015b\u0107 tras <strong>Europy<\/strong> oraz <strong>cz\u0119\u015bci Azji<\/strong>. Pojazdy z logo naszej firmy mo\u017cna codziennie spotka\u0107 na trasach <strong>Unii Europejskiej<\/strong>, <strong>Europy Wschodniej<\/strong> i <strong>Po\u0142udniowej<\/strong>, <strong>Rosji<\/strong>, <strong>Ukrainie, <\/strong><strong>Bia\u0142orusi, Kazachstanie oraz Mongolii<\/strong>. Wsp\u00f3\u0142praca z nami to zysk i czysta przyjemno\u015b\u0107. Przekonaj si\u0119 o tym sam.[\/vc_column_text][vc_row_inner][vc_column_inner width=&#8221;1\/2&#8243;][vc_column_text]<strong>RYSZARD BUTKIEWICZ<br \/><\/strong><small>President &amp; Founder<\/small>[\/vc_column_text][\/vc_column_inner][vc_column_inner width=&#8221;1\/2&#8243;][vc_single_image image=&#8221;1484&#8243; img_size=&#8221;full&#8221; css=&#8221;.vc_custom_1466523664538{padding-top: 5px !important;}&#8221;][\/vc_column_inner][\/vc_row_inner][\/vc_column][vc_column offset=&#8221;vc_col-lg-6 vc_col-md-6 vc_hidden-sm vc_hidden-xs&#8221;][stm_video_popup video=&#8221;https:\/\/www.youtube.com\/embed\/FpMrBdfYZbE?rel=0&amp;autoplay=1&#8243; image=&#8221;1456&#8243;][\/vc_column][\/vc_row][vc_row full_width=&#8221;stretch_row_content_no_spaces&#8221; equal_height=&#8221;yes&#8221; content_placement=&#8221;top&#8221; el_class=&#8221;secondary_bg_color services_icons reset-sm-paddings&#8221; css=&#8221;.vc_custom_1450671531930{margin-bottom: 0px !important;}&#8221;][vc_column css=&#8221;.vc_custom_1449204255225{padding-top: 75px !important;padding-right: 115px !important;padding-bottom: 75px !important;padding-left: 115px !important;}&#8221; offset=&#8221;vc_col-lg-4 vc_col-md-4&#8243;][stm_icon icon_size=&#8221;67&#8243; icon_height=&#8221;90&#8243; title_font_size=&#8221;24&#8243; title_font_weight=&#8221;700&#8243; align=&#8221;center&#8221; icon=&#8221;stm-clients-worldwide&#8221; title=&#8221;Zasi\u0119g&#8221; text=&#8221;Pojazdy z logo Naszej firmy mo\u017cna codziennie spotka\u0107 na trasach Unii Europejskiej, Europy Wschodniej i Po\u0142udniowej, Rosji, Ukrainie, Bia\u0142orusi, Kazachstanie oraz Mongolii.&#8221; icon_color=&#8221;#ffffff&#8221; title_color=&#8221;#ffffff&#8221; text_color=&#8221;#ffffff&#8221;][\/vc_column][vc_column css=&#8221;.vc_custom_1449204260881{padding-top: 75px !important;padding-right: 115px !important;padding-bottom: 75px !important;padding-left: 115px !important;background-color: rgba(0,0,0,0.1) !important;*background-color: rgb(0,0,0) !important;}&#8221; offset=&#8221;vc_col-lg-4 vc_col-md-4&#8243;][stm_icon icon_size=&#8221;67&#8243; icon_height=&#8221;90&#8243; title_font_size=&#8221;24&#8243; title_font_weight=&#8221;700&#8243; align=&#8221;center&#8221; icon=&#8221;stm-security&#8221; title=&#8221;Bezpiecze\u0144stwo \u0142adunku&#8221; text=&#8221;Zgodnie z wymaganiami Unii Europejskiej oraz mi\u0119dzynarodowych przepis\u00f3w posiadamy wszelkie niezb\u0119dne licencje, zezwolenia, karnety TIR \u2013 HVG oraz zezwolenia wielokrotne EKMT.&#8221; icon_color=&#8221;#ffffff&#8221; title_color=&#8221;#ffffff&#8221; text_color=&#8221;#ffffff&#8221;][\/vc_column][vc_column css=&#8221;.vc_custom_1449204266169{padding-top: 75px !important;padding-right: 115px !important;padding-bottom: 75px !important;padding-left: 115px !important;background-color: rgba(0,0,0,0.2) !important;*background-color: rgb(0,0,0) !important;}&#8221; offset=&#8221;vc_col-lg-4 vc_col-md-4&#8243;][stm_icon icon_size=&#8221;67&#8243; icon_height=&#8221;90&#8243; title_font_size=&#8221;24&#8243; title_font_weight=&#8221;700&#8243; align=&#8221;center&#8221; icon=&#8221;stm-fast-delivery&#8221; title=&#8221;Terminowo\u015b\u0107&#8221; text=&#8221;Wiemy, \u017ce Pa\u0144stwa \u0142adunek musi by\u0107 dostarczony do okre\u015blonego miejsca i w odpowiednim czasie. Traktowanie ka\u017cdej przesy\u0142ki indywidualnie oraz sta\u0142y nadz\u00f3r od momentu za\u0142adunku do roz\u0142adunku, sprawiaj\u0105, i\u017c \u015bwiadczymy us\u0142ugi najwy\u017cszej jako\u015bci.&#8221; icon_color=&#8221;#ffffff&#8221; title_color=&#8221;#ffffff&#8221; text_color=&#8221;#ffffff&#8221;][\/vc_column][\/vc_row][vc_row full_width=&#8221;stretch_row&#8221; equal_height=&#8221;yes&#8221; css=&#8221;.vc_custom_1450446724850{margin-bottom: 0px !important;margin-left: 0px !important;background-color: #f7f7f7 !important;}&#8221; el_class=&#8221;reset-sm-paddings&#8221;][vc_column css=&#8221;.vc_custom_1450444940366{padding-top: 80px !important;padding-bottom: 31px !important;}&#8221; offset=&#8221;vc_col-lg-5 vc_col-md-6&#8243;][vc_custom_heading text=&#8221;Dlaczego my?&#8221; use_theme_fonts=&#8221;yes&#8221;][vc_column_text]<\/p>\r\n<p>75 nowoczesnych zestaw\u00f3w, w stanie sprosta\u0107 wszystkim zadaniom na trasach <strong>Unii Europejskiej<\/strong>, <strong>Europy Wschodniej<\/strong> i <strong>Po\u0142udniowej<\/strong>, <strong>Rosji<\/strong>, <strong>Ukrainie, <\/strong><strong>Bia\u0142orusi, Kazachstanie oraz Mongolii<\/strong>.<\/p>\r\n<p>[\/vc_column_text][vc_row_inner css=&#8221;.vc_custom_1449127190171{margin-bottom: 0px !important;}&#8221; el_class=&#8221;reset-sm-paddings&#8221;][vc_column_inner width=&#8221;1\/2&#8243; css=&#8221;.vc_custom_1450423994691{margin-bottom: 44px !important;}&#8221; offset=&#8221;vc_col-xs-12&#8243;][stm_icon drawing=&#8221;yes&#8221; icon_position=&#8221;icon_position_left&#8221; icon_width_svg=&#8221;68&#8243; icon_size=&#8221;71&#8243; icon_width=&#8221;95&#8243; title_font_size=&#8221;14&#8243; title_font_weight=&#8221;600&#8243; title=&#8221;Zasi\u0119g&#8221; drawing_icon=&#8221;stm-clients-worldwide&#8221;][\/vc_column_inner][vc_column_inner width=&#8221;1\/2&#8243; css=&#8221;.vc_custom_1450423999162{margin-bottom: 44px !important;}&#8221; offset=&#8221;vc_col-xs-12&#8243;][stm_icon drawing=&#8221;yes&#8221; icon_position=&#8221;icon_position_left&#8221; icon_width_svg=&#8221;71&#8243; icon_size=&#8221;64&#8243; icon_width=&#8221;95&#8243; title_font_size=&#8221;14&#8243; title_font_weight=&#8221;600&#8243; title=&#8221;Magazyn przed\u0142adunkowy&#8221; drawing_icon=&#8221;stm-warehousing-service&#8221;][\/vc_column_inner][\/vc_row_inner][vc_row_inner css=&#8221;.vc_custom_1449127193884{margin-bottom: 0px !important;}&#8221; el_class=&#8221;reset-sm-paddings&#8221;][vc_column_inner width=&#8221;1\/2&#8243; css=&#8221;.vc_custom_1450424067703{margin-bottom: 44px !important;}&#8221; offset=&#8221;vc_col-xs-12&#8243;][stm_icon drawing=&#8221;yes&#8221; icon_position=&#8221;icon_position_left&#8221; icon_width_svg=&#8221;72&#8243; icon_size=&#8221;51&#8243; icon_width=&#8221;95&#8243; title_font_size=&#8221;14&#8243; title_font_weight=&#8221;600&#8243; title=&#8221;Transport krajowy i mi\u0119dzynarodowy&#8221; drawing_icon=&#8221;stm-ground-transport&#8221;][\/vc_column_inner][vc_column_inner width=&#8221;1\/2&#8243; css=&#8221;.vc_custom_1450424075450{margin-bottom: 44px !important;}&#8221; offset=&#8221;vc_col-xs-12&#8243;][stm_icon drawing=&#8221;yes&#8221; icon_position=&#8221;icon_position_left&#8221; icon_width_svg=&#8221;77&#8243; icon_size=&#8221;50&#8243; icon_width=&#8221;95&#8243; title_font_size=&#8221;14&#8243; title_font_weight=&#8221;600&#8243; title=&#8221;Zgrany zesp\u00f3\u0142 spedytor\u00f3w i kierowc\u00f3w&#8221; drawing_icon=&#8221;stm-people-in-team&#8221;][\/vc_column_inner][\/vc_row_inner][\/vc_column][vc_column offset=&#8221;vc_col-lg-7 vc_col-md-6&#8243; css=&#8221;.vc_custom_1450444946350{padding-left: 45px !important;}&#8221;][vc_row_inner el_class=&#8221;reset-sm-paddings&#8221;][vc_column_inner el_class=&#8221;base_bg_color&#8221; css=&#8221;.vc_custom_1450423858601{padding-top: 80px !important;padding-right: 40px !important;padding-bottom: 50px !important;padding-left: 40px !important;}&#8221;][vc_custom_heading text=&#8221;Zapytaj o transport&#8221; font_container=&#8221;tag:h2|text_align:left|color:%23ffffff&#8221; use_theme_fonts=&#8221;yes&#8221;]\n<div class=\"wpcf7 no-js\" id=\"wpcf7-f208-o2\" lang=\"en-US\" dir=\"ltr\" data-wpcf7-id=\"208\">\n<div class=\"screen-reader-response\"><p role=\"status\" aria-live=\"polite\" aria-atomic=\"true\"><\/p> <ul><\/ul><\/div>\n<form action=\"\/en\/wp-json\/wp\/v2\/pages\/1269#wpcf7-f208-o2\" method=\"post\" class=\"wpcf7-form init\" aria-label=\"Contact form\" novalidate=\"novalidate\" data-status=\"init\">\n<fieldset class=\"hidden-fields-container\"><input type=\"hidden\" name=\"_wpcf7\" value=\"208\" \/><input type=\"hidden\" name=\"_wpcf7_version\" value=\"6.1.4\" \/><input type=\"hidden\" name=\"_wpcf7_locale\" value=\"en_US\" \/><input type=\"hidden\" name=\"_wpcf7_unit_tag\" value=\"wpcf7-f208-o2\" \/><input type=\"hidden\" name=\"_wpcf7_container_post\" value=\"0\" \/><input type=\"hidden\" name=\"_wpcf7_posted_data_hash\" value=\"\" \/>\n<\/fieldset>\n<div class=\"request_quote\">\n\t<div class=\"row\">\n\t\t<div class=\"col-lg-6 col-md-6 col-sm-6 col-xs-12\">\n\t\t\t<div class=\"input-group\">\n\t\t\t\t<p><span class=\"wpcf7-form-control-wrap\" data-name=\"freight_type\"><select class=\"wpcf7-form-control wpcf7-select\" aria-invalid=\"false\" name=\"freight_type\"><option value=\"\">Transport krajowy<\/option><option value=\"Transport mi\u0119dzynarodowy\">Transport mi\u0119dzynarodowy<\/option><\/select><\/span>\n\t\t\t\t<\/p>\n\t\t\t<\/div>\n\t\t\t<div class=\"input-group\">\n\t\t\t\t<p><span class=\"wpcf7-form-control-wrap\" data-name=\"departure_city\"><input size=\"40\" maxlength=\"400\" class=\"wpcf7-form-control wpcf7-text wpcf7-validates-as-required\" aria-required=\"true\" aria-invalid=\"false\" placeholder=\"Miejsce za\u0142adunku\" value=\"\" type=\"text\" name=\"departure_city\" \/><\/span>\n\t\t\t\t<\/p>\n\t\t\t<\/div>\n\t\t\t<div class=\"input-group\">\n\t\t\t\t<p><span class=\"wpcf7-form-control-wrap\" data-name=\"delivery_city\"><input size=\"40\" maxlength=\"400\" class=\"wpcf7-form-control wpcf7-text\" aria-invalid=\"false\" placeholder=\"Miejsce roz\u0142adunku\" value=\"\" type=\"text\" name=\"delivery_city\" \/><\/span>\n\t\t\t\t<\/p>\n\t\t\t<\/div>\n\t\t\t<div class=\"input-group\">\n\t\t\t\t<p><span class=\"wpcf7-form-control-wrap\" data-name=\"total_weight\"><input size=\"40\" maxlength=\"400\" class=\"wpcf7-form-control wpcf7-text\" aria-invalid=\"false\" placeholder=\"Waga \u0142adunku (KG)\" value=\"\" type=\"text\" name=\"total_weight\" \/><\/span>\n\t\t\t\t<\/p>\n\t\t\t<\/div>\n\t\t<\/div>\n\t\t<div class=\"col-lg-6 col-md-6 col-sm-6 col-xs-12\">\n\t\t\t<div class=\"input-group\">\n\t\t\t\t<p><span class=\"wpcf7-form-control-wrap\" data-name=\"dimension\"><input size=\"40\" maxlength=\"400\" class=\"wpcf7-form-control wpcf7-text\" aria-invalid=\"false\" placeholder=\"Wymiary \u0142adunku\" value=\"\" type=\"text\" name=\"dimension\" \/><\/span>\n\t\t\t\t<\/p>\n\t\t\t<\/div>\n\t\t\t<div class=\"input-group\">\n\t\t\t\t<p><span class=\"wpcf7-form-control-wrap\" data-name=\"email\"><input size=\"40\" maxlength=\"400\" class=\"wpcf7-form-control wpcf7-email wpcf7-validates-as-required wpcf7-text wpcf7-validates-as-email\" aria-required=\"true\" aria-invalid=\"false\" placeholder=\"E-mail\" value=\"\" type=\"email\" name=\"email\" \/><\/span>\n\t\t\t\t<\/p>\n\t\t\t<\/div>\n\t\t\t<div class=\"input-group\">\n\t\t\t\t<p><span class=\"wpcf7-form-control-wrap\" data-name=\"message\"><textarea cols=\"40\" rows=\"10\" maxlength=\"2000\" class=\"wpcf7-form-control wpcf7-textarea\" aria-invalid=\"false\" placeholder=\"Informacje dodatkowe\" name=\"message\"><\/textarea><\/span>\n\t\t\t\t<\/p>\n\t\t\t<\/div>\n\t\t\t<div class=\"input-group\">\n\t\t\t\t<p><button class=\"button size-sm fullwidth white-text theme-wpcf7-submit\">Wy\u015blij <i class=\"stm-arrow-next\"><\/i><\/button>\n\t\t\t\t<\/p>\n\t\t\t<\/div>\n\t\t<\/div>\n\t<\/div>\n<\/div><div class=\"wpcf7-response-output\" aria-hidden=\"true\"><\/div>\n<\/form>\n<\/div>\n[\/vc_column_inner][\/vc_row_inner][\/vc_column][\/vc_row][vc_row css=&#8221;.vc_custom_1450356867512{margin-bottom: 0px !important;padding-top: 53px !important;padding-bottom: 53px !important;}&#8221;][vc_column][stm_image_carousel grayscale=&#8221;yes&#8221; img_size=&#8221;full&#8221; autoplay=&#8221;yes&#8221; items_mobile=&#8221;2&#8243; images=&#8221;1345,1458,1460,1459,1539,1348&#8243;][\/vc_column][\/vc_row]<\/p>","protected":false},"excerpt":{"rendered":"<p>[vc_row full_width=&#8221;stretch_row_content_no_spaces&#8221; css=&#8221;.vc_custom_1445941555299{margin-bottom: 0px !important;}&#8221;][vc_column offset=&#8221;vc_hidden-xs&#8221;][rev_slider_vc alias=&#8221;main_slider&#8221;][\/vc_column][\/vc_row][vc_row full_width=&#8221;stretch_row_content_no_spaces&#8221; content_placement=&#8221;middle&#8221;][vc_column offset=&#8221;vc_hidden-lg vc_hidden-md vc_hidden-sm&#8221;][vc_cta h2=&#8221;Transport i spedycja&#8221; h4=&#8221;Na najwy\u017cszym \u015bwiatowym poziomie&#8221; txt_align=&#8221;center&#8221; shape=&#8221;square&#8221; color=&#8221;white&#8221; add_button=&#8221;bottom&#8221; btn_title=&#8221;Zobacz&#8221; btn_style=&#8221;outline&#8221; btn_shape=&#8221;round&#8221; btn_color=&#8221;white&#8221; btn_size=&#8221;sm&#8221; btn_i_align=&#8221;right&#8221; btn_i_icon_fontawesome=&#8221;stm-arrow-next&#8221; css=&#8221;.vc_custom_1472577499874{background-image: url(https:\/\/mtdbutkiewicz.pl\/wp-content\/uploads\/2015\/10\/banner_mobile.jpg?id=1782) !important;background-position:&#8230;<\/p>\n","protected":false},"author":1,"featured_media":0,"parent":0,"menu_order":0,"comment_status":"closed","ping_status":"open","template":"","meta":{"footnotes":""},"class_list":["post-1269","page","type-page","status-publish","hentry"],"yoast_head":"<!-- This site is optimized with the Yoast SEO plugin v26.7 - https:\/\/yoast.com\/wordpress\/plugins\/seo\/ -->\n<title>MTD Butkiewicz - Mi\u0119dzynarodowy transport drogowyMTD Butkiewicz - Mi\u0119dzynarodowy transport drogowy<\/title>\n<meta name=\"description\" content=\"(Polski) Serwis TIR Suwa\u0142ki ,Serwis samochod\u00f3w ci\u0119\u017carowych , Serwis mobilny, Parking TIR , Cz\u0119\u015bci samochodowe , Transport mi\u0119dzynarodowy\" \/>\n<meta name=\"robots\" content=\"index, follow, max-snippet:-1, max-image-preview:large, max-video-preview:-1\" \/>\n<link rel=\"canonical\" href=\"https:\/\/mtdbutkiewicz.pl\/\" \/>\n<meta property=\"og:locale\" content=\"en_US\" \/>\n<meta property=\"og:type\" content=\"article\" \/>\n<meta property=\"og:title\" content=\"[:pl][:pl]Serwis Samochod\u00f3w Ci\u0119\u017carowych Suwa\u0142ki, Transport Mi\u0119dzynarodowy[:en]MTD Butkiewicz - Mi\u0119dzynarodowy transport drogowy[:ru]MTD Butkiewicz - Mi\u0119dzynarodowy transport drogowy[:][:en]MTD Butkiewicz - Mi\u0119dzynarodowy transport drogowy[:ru]MTD Butkiewicz - Mi\u0119dzynarodowy transport drogowy[:]\" \/>\n<meta property=\"og:description\" content=\"{:pl}{:pl}Serwis TIR Suwa\u0142ki ,Serwis samochod\u00f3w ci\u0119\u017carowych , Serwis mobilny, Parking TIR , Cz\u0119\u015bci samochodowe , Transport mi\u0119dzynarodowy{:}{:}\" \/>\n<meta property=\"og:url\" content=\"https:\/\/mtdbutkiewicz.pl\/\" \/>\n<meta property=\"og:site_name\" content=\"MTD Butkiewicz\" \/>\n<meta property=\"article:publisher\" content=\"https:\/\/facebook.com\/mtdbutkiewicz\" \/>\n<meta property=\"article:modified_time\" content=\"2025-09-30T12:00:58+00:00\" \/>\n<meta property=\"og:image\" content=\"https:\/\/mtdbutkiewicz.pl\/wp-content\/uploads\/2020\/11\/logo_dotacje_2020-scaled.jpg\" \/>\n<meta name=\"twitter:card\" content=\"summary_large_image\" \/>\n<meta name=\"twitter:label1\" content=\"Est. reading time\" \/>\n\t<meta name=\"twitter:data1\" content=\"9 minutes\" \/>\n<script type=\"application\/ld+json\" class=\"yoast-schema-graph\">{\"@context\":\"https:\/\/schema.org\",\"@graph\":[{\"@type\":\"WebPage\",\"@id\":\"https:\/\/mtdbutkiewicz.pl\/\",\"url\":\"https:\/\/mtdbutkiewicz.pl\/\",\"name\":\"[:pl][:pl]Serwis Samochod\u00f3w Ci\u0119\u017carowych Suwa\u0142ki, Transport Mi\u0119dzynarodowy[:en]MTD Butkiewicz - Mi\u0119dzynarodowy transport drogowy[:ru]MTD Butkiewicz - Mi\u0119dzynarodowy transport drogowy[:][:en]MTD Butkiewicz - Mi\u0119dzynarodowy transport drogowy[:ru]MTD Butkiewicz - Mi\u0119dzynarodowy transport drogowy[:]\",\"isPartOf\":{\"@id\":\"https:\/\/mtdbutkiewicz.pl\/#website\"},\"primaryImageOfPage\":{\"@id\":\"https:\/\/mtdbutkiewicz.pl\/#primaryimage\"},\"image\":{\"@id\":\"https:\/\/mtdbutkiewicz.pl\/#primaryimage\"},\"thumbnailUrl\":\"https:\/\/mtdbutkiewicz.pl\/wp-content\/uploads\/2020\/11\/logo_dotacje_2020-scaled.jpg\",\"datePublished\":\"2015-10-21T07:42:32+00:00\",\"dateModified\":\"2025-09-30T12:00:58+00:00\",\"description\":\"{:pl}{:pl}Serwis TIR Suwa\u0142ki ,Serwis samochod\u00f3w ci\u0119\u017carowych , Serwis mobilny, Parking TIR , Cz\u0119\u015bci samochodowe , Transport mi\u0119dzynarodowy{:}{:}\",\"breadcrumb\":{\"@id\":\"https:\/\/mtdbutkiewicz.pl\/#breadcrumb\"},\"inLanguage\":\"en-US\",\"potentialAction\":[{\"@type\":\"ReadAction\",\"target\":[\"https:\/\/mtdbutkiewicz.pl\/\"]}]},{\"@type\":\"ImageObject\",\"inLanguage\":\"en-US\",\"@id\":\"https:\/\/mtdbutkiewicz.pl\/#primaryimage\",\"url\":\"https:\/\/mtdbutkiewicz.pl\/wp-content\/uploads\/2020\/11\/logo_dotacje_2020-scaled.jpg\",\"contentUrl\":\"https:\/\/mtdbutkiewicz.pl\/wp-content\/uploads\/2020\/11\/logo_dotacje_2020-scaled.jpg\"},{\"@type\":\"BreadcrumbList\",\"@id\":\"https:\/\/mtdbutkiewicz.pl\/#breadcrumb\",\"itemListElement\":[{\"@type\":\"ListItem\",\"position\":1,\"name\":\"Strona g\u0142\u00f3wna\",\"item\":\"https:\/\/mtdbutkiewicz.pl\/\"},{\"@type\":\"ListItem\",\"position\":2,\"name\":\"Home\"}]},{\"@type\":\"WebSite\",\"@id\":\"https:\/\/mtdbutkiewicz.pl\/#website\",\"url\":\"https:\/\/mtdbutkiewicz.pl\/\",\"name\":\"MTD Butkiewicz\",\"description\":\"International road transport\",\"publisher\":{\"@id\":\"https:\/\/mtdbutkiewicz.pl\/#organization\"},\"potentialAction\":[{\"@type\":\"SearchAction\",\"target\":{\"@type\":\"EntryPoint\",\"urlTemplate\":\"https:\/\/mtdbutkiewicz.pl\/?s={search_term_string}\"},\"query-input\":{\"@type\":\"PropertyValueSpecification\",\"valueRequired\":true,\"valueName\":\"search_term_string\"}}],\"inLanguage\":\"en-US\"},{\"@type\":\"Organization\",\"@id\":\"https:\/\/mtdbutkiewicz.pl\/#organization\",\"name\":\"MTD Butkiewicz\",\"url\":\"https:\/\/mtdbutkiewicz.pl\/\",\"logo\":{\"@type\":\"ImageObject\",\"inLanguage\":\"en-US\",\"@id\":\"https:\/\/mtdbutkiewicz.pl\/#\/schema\/logo\/image\/\",\"url\":\"https:\/\/mtdbutkiewicz.pl\/wp-content\/uploads\/2017\/10\/mtd.png\",\"contentUrl\":\"https:\/\/mtdbutkiewicz.pl\/wp-content\/uploads\/2017\/10\/mtd.png\",\"width\":240,\"height\":240,\"caption\":\"MTD Butkiewicz\"},\"image\":{\"@id\":\"https:\/\/mtdbutkiewicz.pl\/#\/schema\/logo\/image\/\"},\"sameAs\":[\"https:\/\/facebook.com\/mtdbutkiewicz\",\"https:\/\/instagram.com\/mtdbutkiewicz\"]}]}<\/script>\n<!-- \/ Yoast SEO plugin. -->","yoast_head_json":{"title":"MTD Butkiewicz - Mi\u0119dzynarodowy transport drogowyMTD Butkiewicz - Mi\u0119dzynarodowy transport drogowy","description":"(Polski) Serwis TIR Suwa\u0142ki ,Serwis samochod\u00f3w ci\u0119\u017carowych , Serwis mobilny, Parking TIR , Cz\u0119\u015bci samochodowe , Transport mi\u0119dzynarodowy","robots":{"index":"index","follow":"follow","max-snippet":"max-snippet:-1","max-image-preview":"max-image-preview:large","max-video-preview":"max-video-preview:-1"},"canonical":"https:\/\/mtdbutkiewicz.pl\/","og_locale":"en_US","og_type":"article","og_title":"[:pl][:pl]Serwis Samochod\u00f3w Ci\u0119\u017carowych Suwa\u0142ki, Transport Mi\u0119dzynarodowy[:en]MTD Butkiewicz - Mi\u0119dzynarodowy transport drogowy[:ru]MTD Butkiewicz - Mi\u0119dzynarodowy transport drogowy[:][:en]MTD Butkiewicz - Mi\u0119dzynarodowy transport drogowy[:ru]MTD Butkiewicz - Mi\u0119dzynarodowy transport drogowy[:]","og_description":"{:pl}{:pl}Serwis TIR Suwa\u0142ki ,Serwis samochod\u00f3w ci\u0119\u017carowych , Serwis mobilny, Parking TIR , Cz\u0119\u015bci samochodowe , Transport mi\u0119dzynarodowy{:}{:}","og_url":"https:\/\/mtdbutkiewicz.pl\/","og_site_name":"MTD Butkiewicz","article_publisher":"https:\/\/facebook.com\/mtdbutkiewicz","article_modified_time":"2025-09-30T12:00:58+00:00","og_image":[{"url":"https:\/\/mtdbutkiewicz.pl\/wp-content\/uploads\/2020\/11\/logo_dotacje_2020-scaled.jpg","type":"","width":"","height":""}],"twitter_card":"summary_large_image","twitter_misc":{"Est. reading time":"9 minutes"},"schema":{"@context":"https:\/\/schema.org","@graph":[{"@type":"WebPage","@id":"https:\/\/mtdbutkiewicz.pl\/","url":"https:\/\/mtdbutkiewicz.pl\/","name":"[:pl][:pl]Serwis Samochod\u00f3w Ci\u0119\u017carowych Suwa\u0142ki, Transport Mi\u0119dzynarodowy[:en]MTD Butkiewicz - Mi\u0119dzynarodowy transport drogowy[:ru]MTD Butkiewicz - Mi\u0119dzynarodowy transport drogowy[:][:en]MTD Butkiewicz - Mi\u0119dzynarodowy transport drogowy[:ru]MTD Butkiewicz - Mi\u0119dzynarodowy transport drogowy[:]","isPartOf":{"@id":"https:\/\/mtdbutkiewicz.pl\/#website"},"primaryImageOfPage":{"@id":"https:\/\/mtdbutkiewicz.pl\/#primaryimage"},"image":{"@id":"https:\/\/mtdbutkiewicz.pl\/#primaryimage"},"thumbnailUrl":"https:\/\/mtdbutkiewicz.pl\/wp-content\/uploads\/2020\/11\/logo_dotacje_2020-scaled.jpg","datePublished":"2015-10-21T07:42:32+00:00","dateModified":"2025-09-30T12:00:58+00:00","description":"{:pl}{:pl}Serwis TIR Suwa\u0142ki ,Serwis samochod\u00f3w ci\u0119\u017carowych , Serwis mobilny, Parking TIR , Cz\u0119\u015bci samochodowe , Transport mi\u0119dzynarodowy{:}{:}","breadcrumb":{"@id":"https:\/\/mtdbutkiewicz.pl\/#breadcrumb"},"inLanguage":"en-US","potentialAction":[{"@type":"ReadAction","target":["https:\/\/mtdbutkiewicz.pl\/"]}]},{"@type":"ImageObject","inLanguage":"en-US","@id":"https:\/\/mtdbutkiewicz.pl\/#primaryimage","url":"https:\/\/mtdbutkiewicz.pl\/wp-content\/uploads\/2020\/11\/logo_dotacje_2020-scaled.jpg","contentUrl":"https:\/\/mtdbutkiewicz.pl\/wp-content\/uploads\/2020\/11\/logo_dotacje_2020-scaled.jpg"},{"@type":"BreadcrumbList","@id":"https:\/\/mtdbutkiewicz.pl\/#breadcrumb","itemListElement":[{"@type":"ListItem","position":1,"name":"Strona g\u0142\u00f3wna","item":"https:\/\/mtdbutkiewicz.pl\/"},{"@type":"ListItem","position":2,"name":"Home"}]},{"@type":"WebSite","@id":"https:\/\/mtdbutkiewicz.pl\/#website","url":"https:\/\/mtdbutkiewicz.pl\/","name":"MTD Butkiewicz","description":"International road transport","publisher":{"@id":"https:\/\/mtdbutkiewicz.pl\/#organization"},"potentialAction":[{"@type":"SearchAction","target":{"@type":"EntryPoint","urlTemplate":"https:\/\/mtdbutkiewicz.pl\/?s={search_term_string}"},"query-input":{"@type":"PropertyValueSpecification","valueRequired":true,"valueName":"search_term_string"}}],"inLanguage":"en-US"},{"@type":"Organization","@id":"https:\/\/mtdbutkiewicz.pl\/#organization","name":"MTD Butkiewicz","url":"https:\/\/mtdbutkiewicz.pl\/","logo":{"@type":"ImageObject","inLanguage":"en-US","@id":"https:\/\/mtdbutkiewicz.pl\/#\/schema\/logo\/image\/","url":"https:\/\/mtdbutkiewicz.pl\/wp-content\/uploads\/2017\/10\/mtd.png","contentUrl":"https:\/\/mtdbutkiewicz.pl\/wp-content\/uploads\/2017\/10\/mtd.png","width":240,"height":240,"caption":"MTD Butkiewicz"},"image":{"@id":"https:\/\/mtdbutkiewicz.pl\/#\/schema\/logo\/image\/"},"sameAs":["https:\/\/facebook.com\/mtdbutkiewicz","https:\/\/instagram.com\/mtdbutkiewicz"]}]}},"_links":{"self":[{"href":"https:\/\/mtdbutkiewicz.pl\/en\/wp-json\/wp\/v2\/pages\/1269","targetHints":{"allow":["GET"]}}],"collection":[{"href":"https:\/\/mtdbutkiewicz.pl\/en\/wp-json\/wp\/v2\/pages"}],"about":[{"href":"https:\/\/mtdbutkiewicz.pl\/en\/wp-json\/wp\/v2\/types\/page"}],"author":[{"embeddable":true,"href":"https:\/\/mtdbutkiewicz.pl\/en\/wp-json\/wp\/v2\/users\/1"}],"replies":[{"embeddable":true,"href":"https:\/\/mtdbutkiewicz.pl\/en\/wp-json\/wp\/v2\/comments?post=1269"}],"version-history":[{"count":189,"href":"https:\/\/mtdbutkiewicz.pl\/en\/wp-json\/wp\/v2\/pages\/1269\/revisions"}],"predecessor-version":[{"id":2253,"href":"https:\/\/mtdbutkiewicz.pl\/en\/wp-json\/wp\/v2\/pages\/1269\/revisions\/2253"}],"wp:attachment":[{"href":"https:\/\/mtdbutkiewicz.pl\/en\/wp-json\/wp\/v2\/media?parent=1269"}],"curies":[{"name":"wp","href":"https:\/\/api.w.org\/{rel}","templated":true}]}}